{"id":5,"date":"2016-06-22T10:04:51","date_gmt":"2016-06-22T07:04:51","guid":{"rendered":"http:\/\/bridge54.qodeinteractive.com\/?page_id=5"},"modified":"2026-04-15T17:24:30","modified_gmt":"2026-04-15T14:24:30","slug":"anasayfa","status":"publish","type":"page","link":"https:\/\/antasgold.com\/tr\/","title":{"rendered":"Anasayfa"},"content":{"rendered":"<p>[vc_row row_type=&#8221;row&#8221; use_row_as_full_screen_section=&#8221;no&#8221; type=&#8221;grid&#8221; angled_section=&#8221;no&#8221; text_align=&#8221;left&#8221; background_image_as_pattern=&#8221;without_pattern&#8221; css_animation=&#8221;&#8221;][vc_column][vc_column_text][\/vc_column_text][\/vc_column][\/vc_row][vc_row row_type=&#8221;row&#8221; use_row_as_full_screen_section=&#8221;no&#8221; type=&#8221;full_width&#8221; angled_section=&#8221;no&#8221; text_align=&#8221;center&#8221; background_image_as_pattern=&#8221;without_pattern&#8221; css_animation=&#8221;&#8221;][vc_column width=&#8221;1\/3&#8243;]<div class='image_hover ' style='' data-transition-delay=''><div class='images_holder'><img itemprop='image' class='' src='' alt='' style='' \/><img itemprop='image' class='hover_image' src='' alt='' style='' \/><\/div><\/div>[vc_empty_space height=&#8221;40px&#8221;][vc_column_text]<\/p>\n<h5>1500 Sat\u0131\u015f Noktas\u0131<\/h5>\n<p>[\/vc_column_text][vc_empty_space height=&#8221;4px&#8221;][vc_column_text]\u0130stanbul Vizyon Park Merkez Plazada merkezi ve \u00fcretim hatt\u0131, Kapal\u0131\u00e7ar\u015f\u0131, Antalya ve Ankara&#8217;daki toptan ve perakende ma\u011fazalar\u0131yla T\u00fcrkiye geneline yay\u0131lm\u0131\u015f 1500&#8217;\u00fcn \u00fczerinde sat\u0131\u015f noktam\u0131z bulunmaktad\u0131r.[\/vc_column_text][vc_empty_space height=&#8221;60px&#8221;][\/vc_column][vc_column width=&#8221;1\/3&#8243;]<div class='image_hover ' style='' data-transition-delay=''><div class='images_holder'><img itemprop='image' class='' src='' alt='' style='' \/><img itemprop='image' class='hover_image' src='' alt='' style='' \/><\/div><\/div>[vc_empty_space height=&#8221;40px&#8221;][vc_column_text]<\/p>\n<h5>&#8220;ANTA\u015e&#8221; D\u00fcnya Markas\u0131<\/h5>\n<p>[\/vc_column_text][vc_empty_space height=&#8221;4px&#8221;][vc_column_text]\u0130\u00e7 piyasada sevilen ayn\u0131 zamanda yurt d\u0131\u015f\u0131nda \u00f6nemli bir m\u00fc\u015fteri kitlesine ula\u015fan Anta\u015f Kuyumculuk D\u00fcnya Markas\u0131 olma hedeflerinde ilerlemektedir.[\/vc_column_text][vc_empty_space height=&#8221;60px&#8221;][\/vc_column][vc_column width=&#8221;1\/3&#8243;]<div class='image_hover ' style='' data-transition-delay=''><div class='images_holder'><img itemprop='image' class='' src='' alt='' style='' \/><img itemprop='image' class='hover_image' src='' alt='' style='' \/><\/div><\/div>[vc_empty_space height=&#8221;40px&#8221;][vc_column_text]<\/p>\n<h5>Trend Tasar\u0131mlar<\/h5>\n<p>[\/vc_column_text][vc_empty_space height=&#8221;4px&#8221;][vc_column_text]Tak\u0131daki en Trend moday\u0131 yak\u0131ndan takip eden ve daima yeni modeller ile \u00fcretimlerimizi \u00e7o\u011faltmakta olup sizlere yeni \u00fcr\u00fcnler sunmaktan gurur duyar\u0131z.[\/vc_column_text][vc_empty_space height=&#8221;60px&#8221;][\/vc_column][\/vc_row][vc_row row_type=&#8221;row&#8221; use_row_as_full_screen_section=&#8221;no&#8221; type=&#8221;full_width&#8221; angled_section=&#8221;no&#8221; text_align=&#8221;left&#8221; background_image_as_pattern=&#8221;without_pattern&#8221; css_animation=&#8221;&#8221;][vc_column][qode_elements_holder background_color=&#8221;f6f6f6&#8243; number_of_columns=&#8221;two_columns&#8221;][qode_elements_holder_item background_color=&#8221;#ffffff&#8221; advanced_animations=&#8221;no&#8221; item_padding_600_768=&#8221;50%&#8221; item_padding_480_600=&#8221;0%&#8221; item_padding_480=&#8221;0%&#8221;][vc_single_image image=&#8221;1425&#8243; img_size=&#8221;full&#8221; alignment=&#8221;center&#8221; qode_css_animation=&#8221;&#8221;][\/qode_elements_holder_item][qode_elements_holder_item background_color=&#8221;#f6f6f6&#8243; item_padding=&#8221;25% 26%&#8221; vertical_alignment=&#8221;middle&#8221; advanced_animations=&#8221;no&#8221; item_padding_1024_1280=&#8221;19% 23%&#8221; item_padding_768_1024=&#8221;21%&#8221; item_padding_600_768=&#8221;20% 23%&#8221; item_padding_480_600=&#8221;20% 18%&#8221; item_padding_480=&#8221;20% 12% 24%&#8221;][vc_column_text]<\/p>\n<h3>Halat\u0131n \u015e\u0131kl\u0131\u011f\u0131<\/h3>\n<p>[\/vc_column_text][vc_empty_space height=&#8221;7px&#8221;][vc_column_text]Geleneksel b\u00fck\u00fcm\u00fcn en e\u015fsiz formlar\u0131 ile tarz\u0131n\u0131za de\u011fer kat\u0131yoruz.<br \/>\nGe\u00e7mi\u015fin ruhu, bug\u00fcn\u00fcn modas\u0131.[\/vc_column_text][vc_empty_space height=&#8221;22px&#8221;][\/qode_elements_holder_item][\/qode_elements_holder][\/vc_column][\/vc_row][vc_row row_type=&#8221;row&#8221; use_row_as_full_screen_section=&#8221;no&#8221; type=&#8221;full_width&#8221; angled_section=&#8221;no&#8221; text_align=&#8221;left&#8221; background_image_as_pattern=&#8221;without_pattern&#8221; css_animation=&#8221;&#8221;][vc_column][qode_elements_holder background_color=&#8221;f6f6f6&#8243; number_of_columns=&#8221;two_columns&#8221;][qode_elements_holder_item background_color=&#8221;#ffffff&#8221; advanced_animations=&#8221;no&#8221; item_padding_600_768=&#8221;50%&#8221; item_padding_480_600=&#8221;0%&#8221; item_padding_480=&#8221;0%&#8221;][vc_single_image image=&#8221;1429&#8243; img_size=&#8221;full&#8221; alignment=&#8221;center&#8221; qode_css_animation=&#8221;&#8221;][\/qode_elements_holder_item][qode_elements_holder_item background_color=&#8221;#f6f6f6&#8243; item_padding=&#8221;25% 26%&#8221; vertical_alignment=&#8221;middle&#8221; advanced_animations=&#8221;no&#8221; item_padding_1024_1280=&#8221;19% 23%&#8221; item_padding_768_1024=&#8221;21%&#8221; item_padding_600_768=&#8221;20% 23%&#8221; item_padding_480_600=&#8221;20% 18%&#8221; item_padding_480=&#8221;20% 12% 24%&#8221;][vc_column_text]<\/p>\n<h3>Zincirin Sanat\u0131<\/h3>\n<p>[\/vc_column_text][vc_empty_space height=&#8221;7px&#8221;][vc_column_text]Klasik ve modern dokular\u0131n harman\u0131yla zarafeti yeniden tan\u0131ml\u0131yoruz. En \u00e7e\u015fitli ve en kaliteli zincir koleksiyonlar\u0131n\u0131 sizler i\u00e7in haz\u0131rlad\u0131k.[\/vc_column_text][vc_empty_space height=&#8221;22px&#8221;][\/qode_elements_holder_item][\/qode_elements_holder][\/vc_column][\/vc_row][vc_row row_type=&#8221;row&#8221; use_row_as_full_screen_section=&#8221;no&#8221; type=&#8221;full_width&#8221; angled_section=&#8221;no&#8221; text_align=&#8221;left&#8221; background_image_as_pattern=&#8221;without_pattern&#8221; css_animation=&#8221;&#8221;][vc_column][qode_elements_holder background_color=&#8221;f6f6f6&#8243; number_of_columns=&#8221;two_columns&#8221;][qode_elements_holder_item background_color=&#8221;#ffffff&#8221; advanced_animations=&#8221;no&#8221; item_padding_600_768=&#8221;50%&#8221; item_padding_480_600=&#8221;0%&#8221; item_padding_480=&#8221;0%&#8221;][vc_single_image image=&#8221;1422&#8243; img_size=&#8221;full&#8221; alignment=&#8221;center&#8221; qode_css_animation=&#8221;&#8221;][\/qode_elements_holder_item][qode_elements_holder_item background_color=&#8221;#f6f6f6&#8243; item_padding=&#8221;25% 26%&#8221; vertical_alignment=&#8221;middle&#8221; advanced_animations=&#8221;no&#8221; item_padding_1024_1280=&#8221;19% 23%&#8221; item_padding_768_1024=&#8221;21%&#8221; item_padding_600_768=&#8221;20% 23%&#8221; item_padding_480_600=&#8221;20% 18%&#8221; item_padding_480=&#8221;20% 12% 24%&#8221;][vc_column_text]<\/p>\n<h3>Tasar\u0131m Miras\u0131 Bal\u0131k S\u0131rt\u0131<\/h3>\n<p>[\/vc_column_text][vc_empty_space height=&#8221;7px&#8221;][vc_column_text]Geometrik uyumun alt\u0131nla bulu\u015ftu\u011fu e\u015fsiz par\u00e7alarla fark yarat\u0131yoruz. En yeni ve en se\u00e7kin koleksiyonlar\u0131 sizler i\u00e7in bir araya getirdik.[\/vc_column_text][vc_empty_space height=&#8221;22px&#8221;][\/qode_elements_holder_item][\/qode_elements_holder][\/vc_column][\/vc_row][vc_row row_type=&#8221;row&#8221; use_row_as_full_screen_section=&#8221;no&#8221; type=&#8221;full_width&#8221; angled_section=&#8221;no&#8221; text_align=&#8221;left&#8221; background_image_as_pattern=&#8221;without_pattern&#8221; css_animation=&#8221;&#8221;][vc_column offset=&#8221;vc_hidden-lg vc_hidden-md vc_hidden-sm vc_hidden-xs&#8221;][qode_elements_holder background_color=&#8221;#f6f6f6&#8243; number_of_columns=&#8221;two_columns&#8221;][qode_elements_holder_item background_color=&#8221;#f6f6f6&#8243; item_padding=&#8221;25% 26%&#8221; vertical_alignment=&#8221;middle&#8221; advanced_animations=&#8221;no&#8221; item_padding_1024_1280=&#8221;19% 23%&#8221; item_padding_768_1024=&#8221;21%&#8221; item_padding_600_768=&#8221;20% 23%&#8221; item_padding_480_600=&#8221;20% 18%&#8221; item_padding_480=&#8221;20% 12% 24%&#8221;][vc_column_text]<\/p>\n<h3>Tasar\u0131m Miras\u0131 Bal\u0131k S\u0131rt\u0131<\/h3>\n<p>[\/vc_column_text][vc_empty_space height=&#8221;7px&#8221;][vc_column_text]Geometrik uyumun alt\u0131nla bulu\u015ftu\u011fu e\u015fsiz par\u00e7alarla fark yarat\u0131yoruz. En yeni ve en se\u00e7kin koleksiyonlar\u0131 sizler i\u00e7in bir araya getirdik.[\/vc_column_text][vc_empty_space height=&#8221;22px&#8221;][\/qode_elements_holder_item][qode_elements_holder_item background_color=&#8221;#ffffff&#8221; advanced_animations=&#8221;no&#8221; item_padding_600_768=&#8221;34%&#8221; item_padding_480_600=&#8221;0%&#8221; item_padding_480=&#8221;0%&#8221;][vc_single_image image=&#8221;1422&#8243; img_size=&#8221;full&#8221; alignment=&#8221;center&#8221; qode_css_animation=&#8221;&#8221;][\/qode_elements_holder_item][\/qode_elements_holder][\/vc_column][\/vc_row][vc_row row_type=&#8221;row&#8221; use_row_as_full_screen_section=&#8221;no&#8221; type=&#8221;full_width&#8221; angled_section=&#8221;no&#8221; text_align=&#8221;left&#8221; background_image_as_pattern=&#8221;without_pattern&#8221; css_animation=&#8221;&#8221;][vc_column][vc_column_text][\/vc_column_text][\/vc_column][\/vc_row]<\/p>","protected":false},"excerpt":{"rendered":"<p>[vc_row row_type=&#8221;row&#8221; use_row_as_full_screen_section=&#8221;no&#8221; type=&#8221;grid&#8221; angled_section=&#8221;no&#8221; text_align=&#8221;left&#8221; background_image_as_pattern=&#8221;without_pattern&#8221; css_animation=&#8221;&#8221;][vc_column][vc_column_text][\/vc_column_text][\/vc_column][\/vc_row][vc_row row_type=&#8221;row&#8221; use_row_as_full_screen_section=&#8221;no&#8221; type=&#8221;full_width&#8221; angled_section=&#8221;no&#8221; text_align=&#8221;center&#8221; background_image_as_pattern=&#8221;without_pattern&#8221; css_animation=&#8221;&#8221;][vc_column width=&#8221;1\/3&#8243;][vc_empty_space height=&#8221;40px&#8221;][vc_column_text] 1500 Sat\u0131\u015f Noktas\u0131 [\/vc_column_text][vc_empty_space height=&#8221;4px&#8221;][vc_column_text]\u0130stanbul Vizyon Park Merkez Plazada merkezi ve \u00fcretim hatt\u0131, Kapal\u0131\u00e7ar\u015f\u0131, Antalya ve Ankara&#8217;daki toptan ve perakende ma\u011fazalar\u0131yla T\u00fcrkiye geneline yay\u0131lm\u0131\u015f 1500&#8217;\u00fcn \u00fczerinde sat\u0131\u015f noktam\u0131z&#8230;<\/p>\n","protected":false},"author":1,"featured_media":0,"parent":0,"menu_order":0,"comment_status":"closed","ping_status":"closed","template":"","meta":[],"_links":{"self":[{"href":"https:\/\/antasgold.com\/tr\/wp-json\/wp\/v2\/pages\/5"}],"collection":[{"href":"https:\/\/antasgold.com\/tr\/wp-json\/wp\/v2\/pages"}],"about":[{"href":"https:\/\/antasgold.com\/tr\/wp-json\/wp\/v2\/types\/page"}],"author":[{"embeddable":true,"href":"https:\/\/antasgold.com\/tr\/wp-json\/wp\/v2\/users\/1"}],"replies":[{"embeddable":true,"href":"https:\/\/antasgold.com\/tr\/wp-json\/wp\/v2\/comments?post=5"}],"version-history":[{"count":64,"href":"https:\/\/antasgold.com\/tr\/wp-json\/wp\/v2\/pages\/5\/revisions"}],"predecessor-version":[{"id":1445,"href":"https:\/\/antasgold.com\/tr\/wp-json\/wp\/v2\/pages\/5\/revisions\/1445"}],"wp:attachment":[{"href":"https:\/\/antasgold.com\/tr\/wp-json\/wp\/v2\/media?parent=5"}],"curies":[{"name":"wp","href":"https:\/\/api.w.org\/{rel}","templated":true}]}}