{"id":460,"date":"2018-01-04T21:27:39","date_gmt":"2018-01-04T19:27:39","guid":{"rendered":"http:\/\/antasjewellery.com\/?page_id=460"},"modified":"2023-02-08T17:40:00","modified_gmt":"2023-02-08T14:40:00","slug":"fuarlar","status":"publish","type":"page","link":"https:\/\/antasgold.com\/tr\/fuarlar-2\/","title":{"rendered":"Fuarlar"},"content":{"rendered":"<p>[vc_row row_type=&#8221;row&#8221; use_row_as_full_screen_section=&#8221;no&#8221; type=&#8221;full_width&#8221; angled_section=&#8221;no&#8221; text_align=&#8221;left&#8221; background_image_as_pattern=&#8221;without_pattern&#8221; css_animation=&#8221;&#8221;][vc_column][vc_column_text]<\/p>\n<h2 style=\"text-align: center;\">Fuar Takvimi<\/h2>\n<p>[\/vc_column_text][vc_empty_space height=&#8221;14px&#8221;][vc_column_text]<\/p>\n<p style=\"text-align: center;\">Anta\u015f Gold kat\u0131ld\u0131\u011f\u0131 uluslar aras\u0131 fuarlar ile m\u00fc\u015fteri portf\u00f6y\u00fcn\u00fc gittik\u00e7e \u00e7o\u011faltan ve daima yenilik\u00e7i\u011fi sayesinde \u00fcretimini %100 artt\u0131rm\u0131\u015ft\u0131r.<\/p>\n<p>[\/vc_column_text][vc_empty_space height=&#8221;30px&#8221;][\/vc_column][\/vc_row][vc_row row_type=&#8221;row&#8221; use_row_as_full_screen_section=&#8221;no&#8221; type=&#8221;full_width&#8221; angled_section=&#8221;no&#8221; text_align=&#8221;left&#8221; background_image_as_pattern=&#8221;without_pattern&#8221; css_animation=&#8221;&#8221;][vc_column width=&#8221;1\/3&#8243;][vc_column_text]<\/p>\n<p style=\"text-align: center;\"><strong>06.10.2022 \/ 09.10.2022<br \/>\n<\/strong><strong>\u0130stanbul Jewelry Show \/ T\u00dcRK\u0130YE \u2013\u00a0CNR EXPO<br \/>\n<\/strong><\/p>\n<p>[\/vc_column_text][vc_separator type=&#8221;normal&#8221; color=&#8221;#5b5b5b&#8221;][vc_single_image image=&#8221;1386&#8243; img_size=&#8221;large&#8221; alignment=&#8221;center&#8221; style=&#8221;vc_box_shadow_3d&#8221; onclick=&#8221;custom_link&#8221; qode_css_animation=&#8221;&#8221; link=&#8221;https:\/\/antasgold.com\/tr\/istanbul-jewelry-show-10-2022\/&#8221;][vc_empty_space height=&#8221;50px&#8221;][\/vc_column][vc_column width=&#8221;1\/3&#8243;][vc_column_text]<\/p>\n<p style=\"text-align: center;\"><strong>24.03.2022 \/ 27.03.2022<br \/>\n<\/strong><strong>\u0130stanbul Jewelry Show \/ T\u00dcRK\u0130YE \u2013\u00a0CNR EXPO<br \/>\n<\/strong><\/p>\n<p>[\/vc_column_text][vc_separator type=&#8221;normal&#8221; color=&#8221;#5b5b5b&#8221;][vc_single_image image=&#8221;1318&#8243; img_size=&#8221;large&#8221; alignment=&#8221;center&#8221; style=&#8221;vc_box_shadow_3d&#8221; onclick=&#8221;custom_link&#8221; qode_css_animation=&#8221;&#8221; link=&#8221;http:\/\/antasgold.com\/tr\/istanbul-jewelry-show-2022\/&#8221;][vc_empty_space height=&#8221;50px&#8221;][\/vc_column][vc_column width=&#8221;1\/3&#8243;][vc_column_text]<\/p>\n<p style=\"text-align: center;\"><strong>7.10.2021 \/ 10.10.2021<br \/>\n<\/strong><strong>\u0130stanbul Jewelry Show \/ T\u00dcRK\u0130YE \u2013\u00a0CNR EXPO<br \/>\n<\/strong><\/p>\n<p>[\/vc_column_text][vc_separator type=&#8221;normal&#8221; color=&#8221;#5b5b5b&#8221;][vc_single_image image=&#8221;1322&#8243; img_size=&#8221;large&#8221; alignment=&#8221;center&#8221; style=&#8221;vc_box_shadow_3d&#8221; onclick=&#8221;custom_link&#8221; qode_css_animation=&#8221;&#8221; link=&#8221;https:\/\/antasgold.com\/tr\/istanbul-jewelry-show-2021\/&#8221;][vc_empty_space height=&#8221;50px&#8221;][\/vc_column][\/vc_row][vc_row row_type=&#8221;row&#8221; use_row_as_full_screen_section=&#8221;no&#8221; type=&#8221;full_width&#8221; angled_section=&#8221;no&#8221; text_align=&#8221;left&#8221; background_image_as_pattern=&#8221;without_pattern&#8221; css_animation=&#8221;&#8221;][vc_column width=&#8221;1\/3&#8243;][vc_column_text]<\/p>\n<p style=\"text-align: center;\"><strong>10.10.2019 \/ 13.10.2019<br \/>\n<\/strong><strong>\u0130stanbul Jewelry Show \/ T\u00dcRK\u0130YE \u2013\u00a0CNR EXPO<br \/>\n<\/strong><\/p>\n<p>[\/vc_column_text][vc_separator type=&#8221;normal&#8221; color=&#8221;#5b5b5b&#8221;][vc_single_image image=&#8221;1324&#8243; img_size=&#8221;large&#8221; alignment=&#8221;center&#8221; style=&#8221;vc_box_shadow_3d&#8221; onclick=&#8221;custom_link&#8221; qode_css_animation=&#8221;&#8221; link=&#8221;http:\/\/antasgold.com\/tr\/istanbul-jewelry-show-2019\/&#8221;][vc_empty_space height=&#8221;50px&#8221;][\/vc_column][vc_column width=&#8221;1\/3&#8243;][vc_column_text]<\/p>\n<p style=\"text-align: center;\"><strong>21.03.2019 \/ 24.03.2019<br \/>\n<\/strong><strong>\u0130stanbul Jewelry Show \/ T\u00dcRK\u0130YE \u2013\u00a0CNR EXPO<br \/>\n<\/strong><\/p>\n<p>[\/vc_column_text][vc_separator type=&#8221;normal&#8221; color=&#8221;#5b5b5b&#8221;][vc_single_image image=&#8221;1339&#8243; img_size=&#8221;large&#8221; alignment=&#8221;center&#8221; style=&#8221;vc_box_shadow_3d&#8221; onclick=&#8221;custom_link&#8221; qode_css_animation=&#8221;&#8221; link=&#8221;https:\/\/antasgold.com\/tr\/istanbul-jewelry-show-03-2019\/&#8221;][vc_empty_space height=&#8221;50px&#8221;][\/vc_column][vc_column width=&#8221;1\/3&#8243;][vc_column_text]<\/p>\n<p style=\"text-align: center;\"><strong>22.03.2018 \/ 25.03.2018<br \/>\n<\/strong><strong>\u0130stanbul Jewelry Show \/ T\u00dcRK\u0130YE \u2013\u00a0CNR EXPO<br \/>\n<\/strong><\/p>\n<p>[\/vc_column_text][vc_separator type=&#8221;normal&#8221; color=&#8221;#5b5b5b&#8221;][vc_single_image image=&#8221;1337&#8243; img_size=&#8221;large&#8221; alignment=&#8221;center&#8221; style=&#8221;vc_box_shadow_3d&#8221; onclick=&#8221;custom_link&#8221; qode_css_animation=&#8221;&#8221; link=&#8221;https:\/\/antasgold.com\/tr\/istanbul-jewelry-show-2018\/&#8221;][vc_empty_space height=&#8221;50px&#8221;][\/vc_column][\/vc_row][vc_row row_type=&#8221;row&#8221; use_row_as_full_screen_section=&#8221;no&#8221; type=&#8221;full_width&#8221; angled_section=&#8221;no&#8221; text_align=&#8221;left&#8221; background_image_as_pattern=&#8221;without_pattern&#8221; css_animation=&#8221;&#8221;][vc_column width=&#8221;1\/3&#8243;][vc_column_text]<\/p>\n<p style=\"text-align: center;\"><strong>16.02.2018 \/ 19.02.2018<br \/>\n<\/strong><strong>Inhorgenta Munich<\/strong><\/p>\n<p>[\/vc_column_text][vc_separator type=&#8221;normal&#8221; color=&#8221;#5b5b5b&#8221;][vc_single_image image=&#8221;1335&#8243; img_size=&#8221;large&#8221; alignment=&#8221;center&#8221; style=&#8221;vc_box_shadow_3d&#8221; onclick=&#8221;custom_link&#8221; qode_css_animation=&#8221;&#8221; link=&#8221;https:\/\/antasgold.com\/tr\/english-inhorgenta-munich-2018\/&#8221;][vc_empty_space height=&#8221;50px&#8221;][\/vc_column][vc_column width=&#8221;1\/3&#8243;][vc_column_text]<\/p>\n<p style=\"text-align: center;\"><strong>2017<br \/>\n<\/strong><strong>\u0130stanbul Jewelry Show \/ T\u00dcRK\u0130YE \u2013\u00a0CNR EXPO<br \/>\n<\/strong><\/p>\n<p>[\/vc_column_text][vc_separator type=&#8221;normal&#8221; color=&#8221;#5b5b5b&#8221;][vc_single_image image=&#8221;1333&#8243; img_size=&#8221;large&#8221; alignment=&#8221;center&#8221; style=&#8221;vc_box_shadow_3d&#8221; onclick=&#8221;custom_link&#8221; qode_css_animation=&#8221;&#8221; link=&#8221;https:\/\/antasgold.com\/tr\/istanbul-jewelry-show-2017\/&#8221;][vc_empty_space height=&#8221;50px&#8221;][\/vc_column][vc_column width=&#8221;1\/3&#8243;][vc_column_text]<\/p>\n<p style=\"text-align: center;\"><strong>2017<br \/>\n<\/strong><strong>Gold &amp; Jewelry Exhibitions<\/strong><\/p>\n<p>[\/vc_column_text][vc_separator type=&#8221;normal&#8221; color=&#8221;#5b5b5b&#8221;][vc_single_image image=&#8221;1331&#8243; img_size=&#8221;large&#8221; alignment=&#8221;center&#8221; style=&#8221;vc_box_shadow_3d&#8221; onclick=&#8221;custom_link&#8221; qode_css_animation=&#8221;&#8221; link=&#8221;https:\/\/antasgold.com\/tr\/gold-jewelry-exhibitions\/&#8221;][vc_empty_space height=&#8221;50px&#8221;][\/vc_column][\/vc_row][vc_row row_type=&#8221;row&#8221; use_row_as_full_screen_section=&#8221;no&#8221; type=&#8221;full_width&#8221; angled_section=&#8221;no&#8221; text_align=&#8221;left&#8221; background_image_as_pattern=&#8221;without_pattern&#8221; css_animation=&#8221;&#8221;][vc_column width=&#8221;1\/3&#8243;][vc_column_text]<\/p>\n<p style=\"text-align: center;\"><strong>2017<br \/>\n<\/strong><strong>Ankara Gold &amp; Jewelery Fair Show<\/strong><\/p>\n<p>[\/vc_column_text][vc_separator type=&#8221;normal&#8221; color=&#8221;#5b5b5b&#8221;][vc_single_image image=&#8221;1329&#8243; img_size=&#8221;large&#8221; alignment=&#8221;center&#8221; style=&#8221;vc_box_shadow_3d&#8221; onclick=&#8221;custom_link&#8221; qode_css_animation=&#8221;&#8221; link=&#8221;https:\/\/antasgold.com\/tr\/english-ankara-gold-jewellery-fair-show\/&#8221;][vc_empty_space height=&#8221;50px&#8221;][\/vc_column][vc_column width=&#8221;1\/3&#8243;][vc_column_text]<\/p>\n<p style=\"text-align: center;\"><strong>2016<br \/>\n<\/strong><strong>Middle East Gold &amp; Jewelery Fair Show<\/strong><\/p>\n<p>[\/vc_column_text][vc_separator type=&#8221;normal&#8221; color=&#8221;#5b5b5b&#8221;][vc_single_image image=&#8221;1327&#8243; img_size=&#8221;large&#8221; alignment=&#8221;center&#8221; style=&#8221;vc_box_shadow_3d&#8221; onclick=&#8221;custom_link&#8221; qode_css_animation=&#8221;&#8221; link=&#8221;https:\/\/antasgold.com\/tr\/middle-east-gold-jewellery-fair-show\/&#8221;][vc_empty_space height=&#8221;50px&#8221;][\/vc_column][vc_column width=&#8221;1\/3&#8243;][vc_column_text]<\/p>\n<p style=\"text-align: center;\"><strong>2015<br \/>\n<\/strong><strong>International \u0130zmir Jewex Gold &amp; Jewelery Fair Show<\/strong><\/p>\n<p>[\/vc_column_text][vc_separator type=&#8221;normal&#8221; color=&#8221;#5b5b5b&#8221;][vc_single_image image=&#8221;1326&#8243; img_size=&#8221;large&#8221; alignment=&#8221;center&#8221; style=&#8221;vc_box_shadow_3d&#8221; onclick=&#8221;custom_link&#8221; qode_css_animation=&#8221;&#8221; link=&#8221;https:\/\/antasgold.com\/tr\/international-izmir-jewex-gold-jewellery-fair-show\/&#8221;][vc_empty_space height=&#8221;50px&#8221;][\/vc_column][\/vc_row]<\/p>","protected":false},"excerpt":{"rendered":"<p>[vc_row row_type=&#8221;row&#8221; use_row_as_full_screen_section=&#8221;no&#8221; type=&#8221;full_width&#8221; angled_section=&#8221;no&#8221; text_align=&#8221;left&#8221; background_image_as_pattern=&#8221;without_pattern&#8221; css_animation=&#8221;&#8221;][vc_column][vc_column_text] Fuar Takvimi [\/vc_column_text][vc_empty_space height=&#8221;14px&#8221;][vc_column_text] Anta\u015f Gold kat\u0131ld\u0131\u011f\u0131 uluslar aras\u0131 fuarlar ile m\u00fc\u015fteri portf\u00f6y\u00fcn\u00fc gittik\u00e7e \u00e7o\u011faltan ve daima yenilik\u00e7i\u011fi sayesinde \u00fcretimini %100 artt\u0131rm\u0131\u015ft\u0131r. [\/vc_column_text][vc_empty_space height=&#8221;30px&#8221;][\/vc_column][\/vc_row][vc_row row_type=&#8221;row&#8221; use_row_as_full_screen_section=&#8221;no&#8221; type=&#8221;full_width&#8221; angled_section=&#8221;no&#8221; text_align=&#8221;left&#8221; background_image_as_pattern=&#8221;without_pattern&#8221; css_animation=&#8221;&#8221;][vc_column width=&#8221;1\/3&#8243;][vc_column_text] 06.10.2022 \/ 09.10.2022 \u0130stanbul Jewelry&#8230;<\/p>\n","protected":false},"author":1,"featured_media":0,"parent":0,"menu_order":0,"comment_status":"closed","ping_status":"closed","template":"","meta":[],"_links":{"self":[{"href":"https:\/\/antasgold.com\/tr\/wp-json\/wp\/v2\/pages\/460"}],"collection":[{"href":"https:\/\/antasgold.com\/tr\/wp-json\/wp\/v2\/pages"}],"about":[{"href":"https:\/\/antasgold.com\/tr\/wp-json\/wp\/v2\/types\/page"}],"author":[{"embeddable":true,"href":"https:\/\/antasgold.com\/tr\/wp-json\/wp\/v2\/users\/1"}],"replies":[{"embeddable":true,"href":"https:\/\/antasgold.com\/tr\/wp-json\/wp\/v2\/comments?post=460"}],"version-history":[{"count":58,"href":"https:\/\/antasgold.com\/tr\/wp-json\/wp\/v2\/pages\/460\/revisions"}],"predecessor-version":[{"id":1388,"href":"https:\/\/antasgold.com\/tr\/wp-json\/wp\/v2\/pages\/460\/revisions\/1388"}],"wp:attachment":[{"href":"https:\/\/antasgold.com\/tr\/wp-json\/wp\/v2\/media?parent=460"}],"curies":[{"name":"wp","href":"https:\/\/api.w.org\/{rel}","templated":true}]}}