{"id":446,"date":"2018-01-04T20:33:57","date_gmt":"2018-01-04T18:33:57","guid":{"rendered":"http:\/\/antasjewellery.com\/?page_id=446"},"modified":"2021-05-21T19:39:54","modified_gmt":"2021-05-21T16:39:54","slug":"basin","status":"publish","type":"page","link":"https:\/\/antasgold.com\/tr\/basin\/","title":{"rendered":"Bas\u0131n"},"content":{"rendered":"<p>[vc_row row_type=&#8221;row&#8221; use_row_as_full_screen_section=&#8221;no&#8221; type=&#8221;grid&#8221; angled_section=&#8221;no&#8221; text_align=&#8221;center&#8221; background_image_as_pattern=&#8221;without_pattern&#8221; css_animation=&#8221;&#8221;][vc_column][vc_empty_space height=&#8221;15px&#8221;][vc_column_text]<\/p>\n<h2 style=\"text-align: center;\">Bas\u0131nda Biz&#8230;<\/h2>\n<p>[\/vc_column_text][vc_empty_space height=&#8221;15px&#8221;]<div class='projects_holder_outer v3 portfolio_with_space portfolio_with_hover_text'><div class='projects_holder portfolio_main_holder clearfix v3 hover_text portfolio_full_image portfolio_one_by_one'>\n<article class='mix portfolio_category_21 ' style=''><div class=\"item_holder image_text_zoom_hover\"><div class=\"text_holder\"><div class=\"text_holder_outer\"><div class=\"text_holder_inner\"><h4 itemprop=\"name\" class=\"portfolio_title entry_title\"><a itemprop=\"url\" href=\"http:\/\/antasgold.com\/wp-content\/uploads\/unnamed.jpg\" style=\"font-size: 14px\">Anta\u015f 2017 Dergi<\/a><\/h4><span class=\"project_category\" >Dergi<\/span><div class=\"icons_holder\"><a itemprop=\"image\" class=\"portfolio_lightbox\" title=\"Anta\u015f 2017 Dergi\" href=\"https:\/\/antasgold.com\/wp-content\/uploads\/unnamed.jpg\" data-rel=\"prettyPhoto[pretty_photo_gallery]\" rel=\"prettyPhoto[pretty_photo_gallery]\"><\/a><a data-type=\"icon\" href=\"#\" class=\"qode-like\" id=\"qode-like-627\" title=\"Like this\"><\/a><a itemprop=\"url\" class=\"preview\" title=\"Go to Project\" href=\"http:\/\/antasgold.com\/wp-content\/uploads\/unnamed.jpg\" data-type=\"portfolio_list\" target=\"_blank\" ><\/a><\/div><\/div><\/div><\/div><div  class=\"portfolio_shader\"><\/div><div class=\"image_holder\"><span class=\"image\"><img width=\"1501\" height=\"989\" src=\"https:\/\/antasgold.com\/wp-content\/uploads\/unnamed.jpg\" class=\"attachment-full size-full wp-post-image\" alt=\"\" loading=\"lazy\" srcset=\"https:\/\/antasgold.com\/wp-content\/uploads\/unnamed.jpg 1501w, https:\/\/antasgold.com\/wp-content\/uploads\/unnamed-300x198.jpg 300w, https:\/\/antasgold.com\/wp-content\/uploads\/unnamed-768x506.jpg 768w, https:\/\/antasgold.com\/wp-content\/uploads\/unnamed-1024x675.jpg 1024w, https:\/\/antasgold.com\/wp-content\/uploads\/unnamed-700x461.jpg 700w\" sizes=\"(max-width: 1501px) 100vw, 1501px\" \/><\/span><\/div><\/div><\/article>\n<article class='mix portfolio_category_21 ' style=''><div class=\"item_holder image_text_zoom_hover\"><div class=\"text_holder\"><div class=\"text_holder_outer\"><div class=\"text_holder_inner\"><h4 itemprop=\"name\" class=\"portfolio_title entry_title\"><a itemprop=\"url\" href=\"https:\/\/issuu.com\/kuyumtimedergisi\/docs\/kuyumtime_122_aralik_sayisi_\/92\" style=\"font-size: 14px\">Kuyumtime 2017 Aral\u0131k Say\u0131s\u0131 Anta\u015f Gold<\/a><\/h4><span class=\"project_category\" >Dergi<\/span><div class=\"icons_holder\"><a itemprop=\"image\" class=\"portfolio_lightbox\" title=\"Kuyumtime 2017 Aral\u0131k Say\u0131s\u0131 Anta\u015f Gold\" href=\"https:\/\/antasgold.com\/wp-content\/uploads\/unnamed-1.jpg\" data-rel=\"prettyPhoto[pretty_photo_gallery]\" rel=\"prettyPhoto[pretty_photo_gallery]\"><\/a><a data-type=\"icon\" href=\"#\" class=\"qode-like\" id=\"qode-like-450\" title=\"Like this\"><\/a><a itemprop=\"url\" class=\"preview\" title=\"Go to Project\" href=\"https:\/\/issuu.com\/kuyumtimedergisi\/docs\/kuyumtime_122_aralik_sayisi_\/92\" data-type=\"portfolio_list\" target=\"_blank\" ><\/a><\/div><\/div><\/div><\/div><div  class=\"portfolio_shader\"><\/div><div class=\"image_holder\"><span class=\"image\"><img width=\"4961\" height=\"3508\" src=\"https:\/\/antasgold.com\/wp-content\/uploads\/unnamed-1.jpg\" class=\"attachment-full size-full wp-post-image\" alt=\"\" loading=\"lazy\" srcset=\"https:\/\/antasgold.com\/wp-content\/uploads\/unnamed-1.jpg 4961w, https:\/\/antasgold.com\/wp-content\/uploads\/unnamed-1-300x212.jpg 300w, https:\/\/antasgold.com\/wp-content\/uploads\/unnamed-1-768x543.jpg 768w, https:\/\/antasgold.com\/wp-content\/uploads\/unnamed-1-1024x724.jpg 1024w, https:\/\/antasgold.com\/wp-content\/uploads\/unnamed-1-700x495.jpg 700w\" sizes=\"(max-width: 4961px) 100vw, 4961px\" \/><\/span><\/div><\/div><\/article>\n<article class='mix portfolio_category_21 ' style=''><div class=\"item_holder image_text_zoom_hover\"><div class=\"text_holder\"><div class=\"text_holder_outer\"><div class=\"text_holder_inner\"><h4 itemprop=\"name\" class=\"portfolio_title entry_title\"><a itemprop=\"url\" href=\"https:\/\/antasgold.com\/tr\/portfolio_page\/antas\/\" style=\"font-size: 14px\">ANTAS<\/a><\/h4><span class=\"project_category\" >Dergi<\/span><div class=\"icons_holder\"><a itemprop=\"image\" class=\"portfolio_lightbox\" title=\"ANTAS\" href=\"https:\/\/antasgold.com\/wp-content\/uploads\/ANTAS-BASIN.jpg\" data-rel=\"prettyPhoto[pretty_photo_gallery]\" rel=\"prettyPhoto[pretty_photo_gallery]\"><\/a><a data-type=\"icon\" href=\"#\" class=\"qode-like\" id=\"qode-like-950\" title=\"Like this\"><\/a><a itemprop=\"url\" class=\"preview\" title=\"Go to Project\" href=\"https:\/\/antasgold.com\/tr\/portfolio_page\/antas\/\" data-type=\"portfolio_list\" target=\"_self\" ><\/a><\/div><\/div><\/div><\/div><div  class=\"portfolio_shader\"><\/div><div class=\"image_holder\"><span class=\"image\"><img width=\"1501\" height=\"989\" src=\"https:\/\/antasgold.com\/wp-content\/uploads\/ANTAS-BASIN.jpg\" class=\"attachment-full size-full wp-post-image\" alt=\"\" loading=\"lazy\" srcset=\"https:\/\/antasgold.com\/wp-content\/uploads\/ANTAS-BASIN.jpg 1501w, https:\/\/antasgold.com\/wp-content\/uploads\/ANTAS-BASIN-300x198.jpg 300w, https:\/\/antasgold.com\/wp-content\/uploads\/ANTAS-BASIN-768x506.jpg 768w, https:\/\/antasgold.com\/wp-content\/uploads\/ANTAS-BASIN-1024x675.jpg 1024w, https:\/\/antasgold.com\/wp-content\/uploads\/ANTAS-BASIN-700x461.jpg 700w\" sizes=\"(max-width: 1501px) 100vw, 1501px\" \/><\/span><\/div><\/div><\/article>\n<article class='mix portfolio_category_21 ' style=''><div class=\"item_holder image_text_zoom_hover\"><div class=\"text_holder\"><div class=\"text_holder_outer\"><div class=\"text_holder_inner\"><h4 itemprop=\"name\" class=\"portfolio_title entry_title\"><a itemprop=\"url\" href=\"https:\/\/antasgold.com\/tr\/portfolio_page\/kuyumtime-ekim-2018\/\" style=\"font-size: 14px\">Kuyumtime Ekim 2018<\/a><\/h4><span class=\"project_category\" >Dergi<\/span><div class=\"icons_holder\"><a itemprop=\"image\" class=\"portfolio_lightbox\" title=\"Kuyumtime Ekim 2018\" href=\"https:\/\/antasgold.com\/wp-content\/uploads\/kuyumyimr-ekim2018.jpeg\" data-rel=\"prettyPhoto[pretty_photo_gallery]\" rel=\"prettyPhoto[pretty_photo_gallery]\"><\/a><a data-type=\"icon\" href=\"#\" class=\"qode-like\" id=\"qode-like-946\" title=\"Like this\"><\/a><a itemprop=\"url\" class=\"preview\" title=\"Go to Project\" href=\"https:\/\/antasgold.com\/tr\/portfolio_page\/kuyumtime-ekim-2018\/\" data-type=\"portfolio_list\" target=\"_self\" ><\/a><\/div><\/div><\/div><\/div><div  class=\"portfolio_shader\"><\/div><div class=\"image_holder\"><span class=\"image\"><img width=\"1501\" height=\"989\" src=\"https:\/\/antasgold.com\/wp-content\/uploads\/kuyumyimr-ekim2018.jpeg\" class=\"attachment-full size-full wp-post-image\" alt=\"\" loading=\"lazy\" srcset=\"https:\/\/antasgold.com\/wp-content\/uploads\/kuyumyimr-ekim2018.jpeg 1501w, https:\/\/antasgold.com\/wp-content\/uploads\/kuyumyimr-ekim2018-300x198.jpeg 300w, https:\/\/antasgold.com\/wp-content\/uploads\/kuyumyimr-ekim2018-768x506.jpeg 768w, https:\/\/antasgold.com\/wp-content\/uploads\/kuyumyimr-ekim2018-1024x675.jpeg 1024w, https:\/\/antasgold.com\/wp-content\/uploads\/kuyumyimr-ekim2018-700x461.jpeg 700w\" sizes=\"(max-width: 1501px) 100vw, 1501px\" \/><\/span><\/div><\/div><\/article>\n<article class='mix portfolio_category_21 ' style=''><div class=\"item_holder image_text_zoom_hover\"><div class=\"text_holder\"><div class=\"text_holder_outer\"><div class=\"text_holder_inner\"><h4 itemprop=\"name\" class=\"portfolio_title entry_title\"><a itemprop=\"url\" href=\"https:\/\/antasgold.com\/tr\/portfolio_page\/kuyumtime-mart-2019\/\" style=\"font-size: 14px\">Kuyumtime Mart 2019<\/a><\/h4><span class=\"project_category\" >Dergi<\/span><div class=\"icons_holder\"><a itemprop=\"image\" class=\"portfolio_lightbox\" title=\"Kuyumtime Mart 2019\" href=\"https:\/\/antasgold.com\/wp-content\/uploads\/kuyumtime-mart2019.jpeg\" data-rel=\"prettyPhoto[pretty_photo_gallery]\" rel=\"prettyPhoto[pretty_photo_gallery]\"><\/a><a data-type=\"icon\" href=\"#\" class=\"qode-like\" id=\"qode-like-944\" title=\"Like this\"><\/a><a itemprop=\"url\" class=\"preview\" title=\"Go to Project\" href=\"https:\/\/antasgold.com\/tr\/portfolio_page\/kuyumtime-mart-2019\/\" data-type=\"portfolio_list\" target=\"_self\" ><\/a><\/div><\/div><\/div><\/div><div  class=\"portfolio_shader\"><\/div><div class=\"image_holder\"><span class=\"image\"><img width=\"1501\" height=\"989\" src=\"https:\/\/antasgold.com\/wp-content\/uploads\/kuyumtime-mart2019.jpeg\" class=\"attachment-full size-full wp-post-image\" alt=\"\" loading=\"lazy\" srcset=\"https:\/\/antasgold.com\/wp-content\/uploads\/kuyumtime-mart2019.jpeg 1501w, https:\/\/antasgold.com\/wp-content\/uploads\/kuyumtime-mart2019-300x198.jpeg 300w, https:\/\/antasgold.com\/wp-content\/uploads\/kuyumtime-mart2019-768x506.jpeg 768w, https:\/\/antasgold.com\/wp-content\/uploads\/kuyumtime-mart2019-1024x675.jpeg 1024w, https:\/\/antasgold.com\/wp-content\/uploads\/kuyumtime-mart2019-700x461.jpeg 700w\" sizes=\"(max-width: 1501px) 100vw, 1501px\" \/><\/span><\/div><\/div><\/article>\n<div class='filler'><\/div>\n<div class='filler'><\/div>\n<div class='filler'><\/div>\n<\/div><\/div>[\/vc_column][\/vc_row]<\/p>","protected":false},"excerpt":{"rendered":"<p>[vc_row row_type=&#8221;row&#8221; use_row_as_full_screen_section=&#8221;no&#8221; type=&#8221;grid&#8221; angled_section=&#8221;no&#8221; text_align=&#8221;center&#8221; background_image_as_pattern=&#8221;without_pattern&#8221; css_animation=&#8221;&#8221;][vc_column][vc_empty_space height=&#8221;15px&#8221;][vc_column_text] Bas\u0131nda Biz&#8230; [\/vc_column_text][vc_empty_space height=&#8221;15px&#8221;][\/vc_column][\/vc_row]<\/p>\n","protected":false},"author":1,"featured_media":0,"parent":0,"menu_order":0,"comment_status":"closed","ping_status":"closed","template":"","meta":[],"_links":{"self":[{"href":"https:\/\/antasgold.com\/tr\/wp-json\/wp\/v2\/pages\/446"}],"collection":[{"href":"https:\/\/antasgold.com\/tr\/wp-json\/wp\/v2\/pages"}],"about":[{"href":"https:\/\/antasgold.com\/tr\/wp-json\/wp\/v2\/types\/page"}],"author":[{"embeddable":true,"href":"https:\/\/antasgold.com\/tr\/wp-json\/wp\/v2\/users\/1"}],"replies":[{"embeddable":true,"href":"https:\/\/antasgold.com\/tr\/wp-json\/wp\/v2\/comments?post=446"}],"version-history":[{"count":5,"href":"https:\/\/antasgold.com\/tr\/wp-json\/wp\/v2\/pages\/446\/revisions"}],"predecessor-version":[{"id":1038,"href":"https:\/\/antasgold.com\/tr\/wp-json\/wp\/v2\/pages\/446\/revisions\/1038"}],"wp:attachment":[{"href":"https:\/\/antasgold.com\/tr\/wp-json\/wp\/v2\/media?parent=446"}],"curies":[{"name":"wp","href":"https:\/\/api.w.org\/{rel}","templated":true}]}}