{"id":112,"date":"2016-06-22T14:13:19","date_gmt":"2016-06-22T11:13:19","guid":{"rendered":"http:\/\/bridge54.qodeinteractive.com\/?page_id=112"},"modified":"2024-03-04T18:19:26","modified_gmt":"2024-03-04T15:19:26","slug":"hakkimizda","status":"publish","type":"page","link":"https:\/\/antasgold.com\/tr\/hakkimizda\/","title":{"rendered":"Hakk\u0131m\u0131zda"},"content":{"rendered":"<p>[vc_row row_type=&#8221;row&#8221; use_row_as_full_screen_section=&#8221;no&#8221; type=&#8221;full_width&#8221; angled_section=&#8221;no&#8221; text_align=&#8221;left&#8221; background_image_as_pattern=&#8221;without_pattern&#8221; css_animation=&#8221;&#8221;][vc_column][vc_column_text][\/vc_column_text][\/vc_column][\/vc_row][vc_row row_type=&#8221;row&#8221; use_row_as_full_screen_section=&#8221;no&#8221; type=&#8221;grid&#8221; angled_section=&#8221;no&#8221; text_align=&#8221;center&#8221; background_image_as_pattern=&#8221;without_pattern&#8221; css_animation=&#8221;&#8221;][vc_column width=&#8221;1\/2&#8243; offset=&#8221;vc_col-lg-offset-3 vc_col-lg-6 vc_col-md-offset-2 vc_col-md-8&#8243;][vc_column_text]<\/p>\n<h2>HAKKIMIZDA<\/h2>\n<p>[\/vc_column_text][\/vc_column][\/vc_row][vc_row row_type=&#8221;row&#8221; use_row_as_full_screen_section=&#8221;no&#8221; type=&#8221;full_width&#8221; angled_section=&#8221;no&#8221; text_align=&#8221;left&#8221; background_image_as_pattern=&#8221;without_pattern&#8221; css_animation=&#8221;&#8221;][vc_column width=&#8221;2\/3&#8243;][vc_empty_space height=&#8221;35px&#8221;][vc_column_text]<\/p>\n<h3><strong>Anta\u015f Kuyumculuk,<\/strong><\/h3>\n<p>[\/vc_column_text][vc_empty_space height=&#8221;5px&#8221;][vc_column_text]Ba\u015far\u0131l\u0131 ve sistemli \u00e7al\u0131\u015fmalar\u0131yla kuruldu\u011fu ilk g\u00fcnden bu yana s\u00fcrekli y\u00fckselmeyi hedefleyen bir istikrarla yoluna devam ediyor. Anta\u015f d\u00fcnya \u00e7ap\u0131nda se\u00e7kin ve kaliteli \u00fcr\u00fcn koleksiyonlar\u0131 ile T\u00fcrkiye\u2019nin d\u00f6rt bir yan\u0131na hizmet vermektedir. Anta\u015f d\u00fcnya \u00e7ap\u0131nda se\u00e7kin ve kaliteli \u00fcr\u00fcn koleksiyonlar\u0131 ile 15&#8217;i a\u015fk\u0131n \u00fclkeye ihracat ger\u00e7ekle\u015ftirmektedir. Bu \u00fclkeler aras\u0131nda ABD, Almanya, Fransa, \u0130ngiltere, Yunanistan, Dubai vb. \u00fclkeler yer almaktad\u0131r. T\u00fcrkiye&#8217;de uzun y\u0131llard\u0131r ger\u00e7ekle\u015ftirmekte oldu\u011fu toptan ve ihracata y\u00f6nelik alt\u0131n sat\u0131\u015f\u0131n\u0131 t\u00fcm d\u00fcnyaya yaym\u0131\u015ft\u0131r. T\u00fcrkiye genelinde 1500`\u00fcn \u00fczerinde sat\u0131\u015f noktas\u0131 arac\u0131l\u0131\u011f\u0131yla t\u00fcketicisiyle bulu\u015fuyor. M\u00fc\u015fteri memnuniyeti olu\u015fturma hedefi ile yeni markalar\u0131 sayesinde t\u00fcketicilere Anta\u015f g\u00fcvenine yak\u0131\u015f\u0131r y\u00fcksek kalitede ve rekabet\u00e7i fiyatlarda \u00fcr\u00fcn sunulmas\u0131 hedeflenmektedir. \u0130li\u015fkilerimizde, m\u00fc\u015fteri memnuniyeti en \u00fcst d\u00fczeyde tutulmaktad\u0131r. M\u00fc\u015fterilerimize de\u011fer katmay\u0131 ama\u00e7layan sat\u0131\u015f sonras\u0131 hizmetlerimizle, toplam kalitemizin devam\u0131 konusunda her zaman g\u00fcvenilir ve istikrarl\u0131y\u0131z.[\/vc_column_text][vc_column_text]<\/p>\n<h5>Sayg\u0131larlar\u0131m\u0131zla&#8230;<\/h5>\n<p>[\/vc_column_text][vc_empty_space height=&#8221;50px&#8221;][\/vc_column][vc_column width=&#8221;1\/3&#8243;][vc_empty_space height=&#8221;35px&#8221;][vc_single_image image=&#8221;492&#8243; img_size=&#8221;590&#215;343&#8243; alignment=&#8221;center&#8221; onclick=&#8221;link_image&#8221; qode_css_animation=&#8221;&#8221; qode_hover_animation=&#8221;zoom_in&#8221;][vc_empty_space height=&#8221;15px&#8221;][\/vc_column][\/vc_row][vc_row row_type=&#8221;row&#8221; use_row_as_full_screen_section=&#8221;no&#8221; type=&#8221;full_width&#8221; angled_section=&#8221;no&#8221; text_align=&#8221;left&#8221; background_image_as_pattern=&#8221;without_pattern&#8221; css_animation=&#8221;&#8221;][vc_column][vc_row_inner row_type=&#8221;row&#8221; type=&#8221;full_width&#8221; text_align=&#8221;left&#8221; css_animation=&#8221;&#8221;][vc_column_inner width=&#8221;1\/2&#8243;][vc_column_text]<strong>Fabrika:<br \/>\n<\/strong>\u0130stanbul Vizyon Park, Yenibosna Merkez Mah. Kuyumcular Sk.<br \/>\nMerkez Plaza C1 Blok Kat:5 No: 521 \u00a0Yenibosna \u2013 Bah\u00e7elievler \/ \u0130STANBUL<br \/>\nTel: +90 532 225 72 02<br \/>\nTel : +90 212 286 10 11<br \/>\nTel : +90 212 426 10 11<br \/>\nTel : +90 212 542 10 11<\/p>\n<p><strong>Kapal\u0131 \u00c7ar\u015f\u0131:<br \/>\n<\/strong>\u015eeref Efendi Sk. \u015eeref Han Kat: 1 No:89 Nuruosmaniye\u00a0 \/ \u0130STANBUL<br \/>\nTel : +90 212 518 47 60<br \/>\nTel : +90 212 517 98 89[\/vc_column_text][\/vc_column_inner][vc_column_inner width=&#8221;1\/2&#8243;][vc_column_text]<strong>Antalya Toptan:<\/strong><br \/>\nAntalya Kuyumcular \u00c7ar\u015f\u0131s\u0131 Kat:1 Kaz\u0131m \u00d6zalp Cad. No:43 \/ 25-26-27 ANTALYA<br \/>\nTel : +90 242 247 70 49<br \/>\nTel : +90 242 247 71 28<\/p>\n<p><strong>Antalya Showroom:<\/strong><br \/>\nAntalya Kuyumcular \u00c7ar\u015f\u0131s\u0131 Zemin Kat Kaz\u0131m \u00d6zalp Cad. No:43 \/ 32 ANTALYA<br \/>\nTel: +90 532 572 92 02<\/p>\n<p><strong>\u0130zmir:<\/strong><br \/>\nGazi Osman Pa\u015fa Bulvar\u0131 Yenig\u00fcn Mah. Kiraz \u0130\u015fhan\u0131 No:88 Kat:1 D:115 Konak \/ \u0130ZM\u0130R<br \/>\nTel : +90 536 898 73 00[\/vc_column_text][\/vc_column_inner][\/vc_row_inner][\/vc_column][\/vc_row][vc_row row_type=&#8221;row&#8221; use_row_as_full_screen_section=&#8221;no&#8221; type=&#8221;full_width&#8221; angled_section=&#8221;no&#8221; text_align=&#8221;left&#8221; background_image_as_pattern=&#8221;without_pattern&#8221; css_animation=&#8221;&#8221; css=&#8221;.vc_custom_1514878875797{margin-right: 100px !important;margin-left: 100px !important;}&#8221;][vc_column width=&#8221;1\/3&#8243;][vc_single_image image=&#8221;395&#8243; img_size=&#8221;590&#215;343&#8243; alignment=&#8221;center&#8221; onclick=&#8221;link_image&#8221; qode_css_animation=&#8221;&#8221; qode_hover_animation=&#8221;zoom_in&#8221;][vc_empty_space height=&#8221;15px&#8221;][\/vc_column][vc_column width=&#8221;1\/3&#8243;][vc_single_image image=&#8221;395&#8243; img_size=&#8221;590&#215;343&#8243; alignment=&#8221;center&#8221; onclick=&#8221;link_image&#8221; qode_css_animation=&#8221;&#8221; qode_hover_animation=&#8221;zoom_in&#8221;][\/vc_column][vc_column width=&#8221;1\/3&#8243;][vc_single_image image=&#8221;395&#8243; img_size=&#8221;590&#215;343&#8243; alignment=&#8221;center&#8221; onclick=&#8221;link_image&#8221; qode_css_animation=&#8221;&#8221; qode_hover_animation=&#8221;zoom_in&#8221;][\/vc_column][\/vc_row][vc_row row_type=&#8221;row&#8221; use_row_as_full_screen_section=&#8221;no&#8221; type=&#8221;full_width&#8221; angled_section=&#8221;no&#8221; text_align=&#8221;left&#8221; background_image_as_pattern=&#8221;without_pattern&#8221; css_animation=&#8221;&#8221;][vc_column][vc_column_text][\/vc_column_text][\/vc_column][\/vc_row]<\/p>","protected":false},"excerpt":{"rendered":"<p>[vc_row row_type=&#8221;row&#8221; use_row_as_full_screen_section=&#8221;no&#8221; type=&#8221;full_width&#8221; angled_section=&#8221;no&#8221; text_align=&#8221;left&#8221; background_image_as_pattern=&#8221;without_pattern&#8221; css_animation=&#8221;&#8221;][vc_column][vc_column_text][\/vc_column_text][\/vc_column][\/vc_row][vc_row row_type=&#8221;row&#8221; use_row_as_full_screen_section=&#8221;no&#8221; type=&#8221;grid&#8221; angled_section=&#8221;no&#8221; text_align=&#8221;center&#8221; background_image_as_pattern=&#8221;without_pattern&#8221; css_animation=&#8221;&#8221;][vc_column width=&#8221;1\/2&#8243; offset=&#8221;vc_col-lg-offset-3 vc_col-lg-6 vc_col-md-offset-2 vc_col-md-8&#8243;][vc_column_text] HAKKIMIZDA [\/vc_column_text][\/vc_column][\/vc_row][vc_row row_type=&#8221;row&#8221; use_row_as_full_screen_section=&#8221;no&#8221; type=&#8221;full_width&#8221; angled_section=&#8221;no&#8221; text_align=&#8221;left&#8221; background_image_as_pattern=&#8221;without_pattern&#8221; css_animation=&#8221;&#8221;][vc_column width=&#8221;2\/3&#8243;][vc_empty_space height=&#8221;35px&#8221;][vc_column_text] Anta\u015f Kuyumculuk, [\/vc_column_text][vc_empty_space height=&#8221;5px&#8221;][vc_column_text]Ba\u015far\u0131l\u0131 ve sistemli \u00e7al\u0131\u015fmalar\u0131yla kuruldu\u011fu ilk g\u00fcnden bu yana s\u00fcrekli y\u00fckselmeyi&#8230;<\/p>\n","protected":false},"author":1,"featured_media":0,"parent":0,"menu_order":0,"comment_status":"closed","ping_status":"closed","template":"","meta":[],"_links":{"self":[{"href":"https:\/\/antasgold.com\/tr\/wp-json\/wp\/v2\/pages\/112"}],"collection":[{"href":"https:\/\/antasgold.com\/tr\/wp-json\/wp\/v2\/pages"}],"about":[{"href":"https:\/\/antasgold.com\/tr\/wp-json\/wp\/v2\/types\/page"}],"author":[{"embeddable":true,"href":"https:\/\/antasgold.com\/tr\/wp-json\/wp\/v2\/users\/1"}],"replies":[{"embeddable":true,"href":"https:\/\/antasgold.com\/tr\/wp-json\/wp\/v2\/comments?post=112"}],"version-history":[{"count":15,"href":"https:\/\/antasgold.com\/tr\/wp-json\/wp\/v2\/pages\/112\/revisions"}],"predecessor-version":[{"id":1410,"href":"https:\/\/antasgold.com\/tr\/wp-json\/wp\/v2\/pages\/112\/revisions\/1410"}],"wp:attachment":[{"href":"https:\/\/antasgold.com\/tr\/wp-json\/wp\/v2\/media?parent=112"}],"curies":[{"name":"wp","href":"https:\/\/api.w.org\/{rel}","templated":true}]}}