{"id":127,"date":"2016-06-22T14:41:04","date_gmt":"2016-06-22T11:41:04","guid":{"rendered":"http:\/\/bridge54.qodeinteractive.com\/?page_id=127"},"modified":"2024-03-04T18:18:12","modified_gmt":"2024-03-04T15:18:12","slug":"iletisim","status":"publish","type":"page","link":"https:\/\/antasgold.com\/en\/contact\/","title":{"rendered":"Contact"},"content":{"rendered":"<p>[vc_row row_type=&#8221;row&#8221; use_row_as_full_screen_section=&#8221;no&#8221; type=&#8221;full_width&#8221; angled_section=&#8221;no&#8221; text_align=&#8221;left&#8221; background_image_as_pattern=&#8221;without_pattern&#8221; css_animation=&#8221;&#8221;][vc_column][vc_column_text][\/vc_column_text][\/vc_column][\/vc_row][vc_row row_type=&#8221;row&#8221; use_row_as_full_screen_section=&#8221;no&#8221; type=&#8221;full_width&#8221; angled_section=&#8221;no&#8221; text_align=&#8221;left&#8221; background_image_as_pattern=&#8221;without_pattern&#8221; css_animation=&#8221;&#8221;][vc_column][vc_single_image image=&#8221;1408&#8243; img_size=&#8221;full&#8221; alignment=&#8221;center&#8221; qode_css_animation=&#8221;&#8221;][\/vc_column][\/vc_row][vc_row row_type=&#8221;row&#8221; use_row_as_full_screen_section=&#8221;no&#8221; type=&#8221;grid&#8221; angled_section=&#8221;no&#8221; text_align=&#8221;left&#8221; background_image_as_pattern=&#8221;without_pattern&#8221; css_animation=&#8221;&#8221; css=&#8221;.vc_custom_1514044150058{padding-bottom: 136px !important;}&#8221; el_class=&#8221;contact&#8221;][vc_column css=&#8221;.vc_custom_1466609672037{padding-right: 5% !important;}&#8221; offset=&#8221;vc_col-lg-6 vc_col-md-6&#8243;][vc_column_text]<strong>ANTAS GOLD<\/strong>[\/vc_column_text][vc_empty_space height=&#8221;10px&#8221;][vc_column_text]Gold Jewellery Manufacturing, Export &amp; Wholesale<br \/>\nEnglish Available : + 90 532 720 1111<br \/>\nItalian Available\u00a0\u00a0 : +90 533 730 3218<br \/>\nDomestic\u00a0\u00a0\u00a0\u00a0\u00a0\u00a0\u00a0\u00a0\u00a0\u00a0\u00a0\u00a0\u00a0 : +90 532 139 6846<br \/>\ninfo@antasgold.com &#8211; arifmilli@antasgold.com<br \/>\n<strong>www.antasgold.com<\/strong>[\/vc_column_text][vc_empty_space height=&#8221;13px&#8221;][vc_column_text]<strong>Factory:<br \/>\n<\/strong>Istanbul Vizyon Park, Yenibosna Merkez Mah. Kuyumcular Sok.<br \/>\nMerkez Plaza C1 Blok Kat:5 No: 521 \u00a0Yenibosna &#8211; Bahcelievler \/ ISTANBUL<br \/>\nTel: +90 532 225 72 02<br \/>\nTel : +90 212 286 10 11<br \/>\nTel : +90 212 426 10 11<br \/>\nTel : +90 212 542 10 11[\/vc_column_text][vc_empty_space height=&#8221;42px&#8221;][\/vc_column][vc_column offset=&#8221;vc_col-lg-6 vc_col-md-6&#8243;][vc_column_text]<strong>Grand Bazaar:<br \/>\n<\/strong>Seref Efendi Sok. Seref Han Kat: 1 No:90 Nuruosmaniye\u00a0 \/ ISTANBUL<br \/>\nTel : +90 212 518 47 60<br \/>\nTel : +90 212 517 98 89<\/p>\n<p><strong>Antalya Wholesale:<\/strong><br \/>\nAntalya Kuyumcular \u00c7ar\u015f\u0131s\u0131 Kat:1 Kaz\u0131m \u00d6zalp Cad. No:43 \/ 25-26-27 ANTALYA<br \/>\nTel : +90 242 247 70 49<br \/>\nTel : +90 242 247 71 28<\/p>\n<p><strong>Antalya Showroom:<\/strong><br \/>\nAntalya Kuyumcular \u00c7ar\u015f\u0131s\u0131 Zemin Kat Kaz\u0131m \u00d6zalp Cad. No:43 \/ 32 ANTALYA<br \/>\nTel: +90 532 572 92 02<\/p>\n<p><strong>\u0130zmir:<\/strong><br \/>\nGazi Osman Pa\u015fa Bulvar\u0131 Yenig\u00fcn Mah. Kiraz \u0130\u015fhan\u0131 No:88 Kat:1 D:115 Konak \/ \u0130ZM\u0130R<br \/>\nTel : +09 536 898 73 00[\/vc_column_text][\/vc_column][\/vc_row][vc_row row_type=&#8221;row&#8221; use_row_as_full_screen_section=&#8221;no&#8221; type=&#8221;full_width&#8221; angled_section=&#8221;no&#8221; text_align=&#8221;left&#8221; background_image_as_pattern=&#8221;without_pattern&#8221; css_animation=&#8221;&#8221;][vc_column]<div class='google_map_shortcode_holder' style='height:419px;'><div class='qode_google_map' style='height:419px;' id='map_canvas_45253' data-addresses='[\"istanbul\",\"antalya\",\"izmir\"]' data-custom-map-style='true' data-color-overlay='#b5b5b5' data-saturation='-100' data-lightness='-60' data-zoom='5' data-pin='https:\/\/antasgold.com\/wp-content\/uploads\/aicon4.png' data-unique-id='45253' data-google-maps-scroll-wheel='false' data-snazzy-map-style='no' data-map-height='419'><\/div><div class='google_map_shortcode_overlay'><\/div><\/div>[\/vc_column][\/vc_row][vc_row row_type=&#8221;row&#8221; use_row_as_full_screen_section=&#8221;no&#8221; type=&#8221;full_width&#8221; angled_section=&#8221;no&#8221; text_align=&#8221;left&#8221; background_image_as_pattern=&#8221;without_pattern&#8221; css_animation=&#8221;&#8221;][vc_column][vc_column_text][\/vc_column_text][\/vc_column][\/vc_row]<\/p>","protected":false},"excerpt":{"rendered":"<p>[vc_row row_type=&#8221;row&#8221; use_row_as_full_screen_section=&#8221;no&#8221; type=&#8221;full_width&#8221; angled_section=&#8221;no&#8221; text_align=&#8221;left&#8221; background_image_as_pattern=&#8221;without_pattern&#8221; css_animation=&#8221;&#8221;][vc_column][vc_column_text][\/vc_column_text][\/vc_column][\/vc_row][vc_row row_type=&#8221;row&#8221; use_row_as_full_screen_section=&#8221;no&#8221; type=&#8221;full_width&#8221; angled_section=&#8221;no&#8221; text_align=&#8221;left&#8221; background_image_as_pattern=&#8221;without_pattern&#8221; css_animation=&#8221;&#8221;][vc_column][vc_single_image image=&#8221;1408&#8243; img_size=&#8221;full&#8221; alignment=&#8221;center&#8221; qode_css_animation=&#8221;&#8221;][\/vc_column][\/vc_row][vc_row row_type=&#8221;row&#8221; use_row_as_full_screen_section=&#8221;no&#8221; type=&#8221;grid&#8221; angled_section=&#8221;no&#8221; text_align=&#8221;left&#8221; background_image_as_pattern=&#8221;without_pattern&#8221; css_animation=&#8221;&#8221; css=&#8221;.vc_custom_1514044150058{padding-bottom: 136px !important;}&#8221; el_class=&#8221;contact&#8221;][vc_column css=&#8221;.vc_custom_1466609672037{padding-right: 5% !important;}&#8221; offset=&#8221;vc_col-lg-6 vc_col-md-6&#8243;][vc_column_text]ANTAS GOLD[\/vc_column_text][vc_empty_space height=&#8221;10px&#8221;][vc_column_text]Gold Jewellery Manufacturing, Export &amp; Wholesale English Available :&#8230;<\/p>\n","protected":false},"author":1,"featured_media":0,"parent":0,"menu_order":0,"comment_status":"closed","ping_status":"closed","template":"","meta":[],"_links":{"self":[{"href":"https:\/\/antasgold.com\/en\/wp-json\/wp\/v2\/pages\/127"}],"collection":[{"href":"https:\/\/antasgold.com\/en\/wp-json\/wp\/v2\/pages"}],"about":[{"href":"https:\/\/antasgold.com\/en\/wp-json\/wp\/v2\/types\/page"}],"author":[{"embeddable":true,"href":"https:\/\/antasgold.com\/en\/wp-json\/wp\/v2\/users\/1"}],"replies":[{"embeddable":true,"href":"https:\/\/antasgold.com\/en\/wp-json\/wp\/v2\/comments?post=127"}],"version-history":[{"count":26,"href":"https:\/\/antasgold.com\/en\/wp-json\/wp\/v2\/pages\/127\/revisions"}],"predecessor-version":[{"id":1409,"href":"https:\/\/antasgold.com\/en\/wp-json\/wp\/v2\/pages\/127\/revisions\/1409"}],"wp:attachment":[{"href":"https:\/\/antasgold.com\/en\/wp-json\/wp\/v2\/media?parent=127"}],"curies":[{"name":"wp","href":"https:\/\/api.w.org\/{rel}","templated":true}]}}